{"id":130,"date":"2018-10-15T15:54:45","date_gmt":"2018-10-15T13:54:45","guid":{"rendered":"http:\/\/renovmehari.com\/?page_id=130"},"modified":"2021-04-26T14:11:56","modified_gmt":"2021-04-26T12:11:56","slug":"nos-mehari","status":"publish","type":"page","link":"http:\/\/renovmehari.com\/?page_id=130","title":{"rendered":"M\u00e9hari restaur\u00e9es"},"content":{"rendered":"<p>[et_pb_section fb_built=\u00a0\u00bb1&Prime; next_background_color=\u00a0\u00bb#ffffff\u00a0\u00bb admin_label=\u00a0\u00bbHero\u00a0\u00bb _builder_version=\u00a0\u00bb3.12.2&Prime; use_background_color_gradient=\u00a0\u00bbon\u00a0\u00bb background_color_gradient_start=\u00a0\u00bb#283d4b\u00a0\u00bb background_color_gradient_end=\u00a0\u00bbrgba(128,103,79,0.5)\u00a0\u00bb background_color_gradient_direction=\u00a0\u00bb70deg\u00a0\u00bb background_color_gradient_overlays_image=\u00a0\u00bbon\u00a0\u00bb background_image=\u00a0\u00bbhttp:\/\/renovmehari.com\/wp-content\/uploads\/2021\/04\/meharo-blanche-et-jaune-1-1.jpg\u00a0\u00bb custom_margin=\u00a0\u00bb|||\u00a0\u00bb custom_padding=\u00a0\u00bb6vw|||\u00a0\u00bb bottom_divider_style=\u00a0\u00bbmountains2&Prime; bottom_divider_height=\u00a0\u00bb20vw\u00a0\u00bb bottom_divider_repeat=\u00a0\u00bb0.5x\u00a0\u00bb bottom_divider_flip=\u00a0\u00bbhorizontal|vertical\u00a0\u00bb][et_pb_row custom_padding=\u00a0\u00bb27px|0px|0|0px|false|false\u00a0\u00bb custom_margin=\u00a0\u00bb|||\u00a0\u00bb _builder_version=\u00a0\u00bb3.5&Prime;][et_pb_column type=\u00a0\u00bb4_4&Prime; _builder_version=\u00a0\u00bb3.0.47&Prime; parallax=\u00a0\u00bboff\u00a0\u00bb parallax_method=\u00a0\u00bbon\u00a0\u00bb][et_pb_text _builder_version=\u00a0\u00bb3.5&Prime; text_font=\u00a0\u00bb||||||||\u00a0\u00bb header_font=\u00a0\u00bbJosefin Sans|700|||||||\u00a0\u00bb header_font_size=\u00a0\u00bb90px\u00a0\u00bb header_font_size_tablet=\u00a0\u00bb50px\u00a0\u00bb header_font_size_phone=\u00a0\u00bb32px\u00a0\u00bb header_font_size_last_edited=\u00a0\u00bbon|desktop\u00a0\u00bb header_line_height=\u00a0\u00bb1.4em\u00a0\u00bb header_2_font=\u00a0\u00bbJosefin Sans||||||||\u00a0\u00bb header_2_text_color=\u00a0\u00bbrgba(255,255,255,0.6)\u00a0\u00bb header_2_font_size=\u00a0\u00bb32px\u00a0\u00bb header_2_font_size_phone=\u00a0\u00bb24px\u00a0\u00bb header_2_font_size_last_edited=\u00a0\u00bbon|phone\u00a0\u00bb header_2_line_height=\u00a0\u00bb1.4em\u00a0\u00bb background_layout=\u00a0\u00bbdark\u00a0\u00bb animation_style=\u00a0\u00bbslide\u00a0\u00bb animation_direction=\u00a0\u00bbright\u00a0\u00bb animation_intensity_slide=\u00a0\u00bb4%\u00a0\u00bb]<\/p>\n<h1>M\u00e9hari restaur\u00e9es<\/h1>\n<h4><\/h4>\n<p>[\/et_pb_text][\/et_pb_column][\/et_pb_row][et_pb_row make_fullwidth=\u00a0\u00bbon\u00a0\u00bb use_custom_gutter=\u00a0\u00bbon\u00a0\u00bb gutter_width=\u00a0\u00bb1&Prime; disabled_on=\u00a0\u00bbon|off|off\u00a0\u00bb _builder_version=\u00a0\u00bb3.5&Prime; locked=\u00a0\u00bboff\u00a0\u00bb][et_pb_column type=\u00a0\u00bb4_4&Prime; _builder_version=\u00a0\u00bb3.0.47&Prime; parallax=\u00a0\u00bboff\u00a0\u00bb parallax_method=\u00a0\u00bbon\u00a0\u00bb][et_pb_text _builder_version=\u00a0\u00bb3.5&Prime; text_font=\u00a0\u00bbJosefin Sans|700||on|||||\u00a0\u00bb text_text_color=\u00a0\u00bbrgba(255,255,255,0.2)\u00a0\u00bb text_font_size=\u00a0\u00bb15vw\u00a0\u00bb text_font_size_tablet=\u00a0\u00bb124px\u00a0\u00bb text_font_size_phone=\u00a0\u00bb90px\u00a0\u00bb text_font_size_last_edited=\u00a0\u00bboff|desktop\u00a0\u00bb text_line_height=\u00a0\u00bb1em\u00a0\u00bb quote_font=\u00a0\u00bb||||||||\u00a0\u00bb header_font=\u00a0\u00bb||||||||\u00a0\u00bb custom_margin=\u00a0\u00bb||-0.4em|\u00a0\u00bb custom_padding=\u00a0\u00bb|||\u00a0\u00bb filter_blur=\u00a0\u00bb7px\u00a0\u00bb animation_style=\u00a0\u00bbslide\u00a0\u00bb animation_direction=\u00a0\u00bbright\u00a0\u00bb animation_duration=\u00a0\u00bb10000ms\u00a0\u00bb animation_intensity_slide=\u00a0\u00bb10%\u00a0\u00bb animation_starting_opacity=\u00a0\u00bb40%\u00a0\u00bb animation_speed_curve=\u00a0\u00bblinear\u00a0\u00bb][\/et_pb_text][\/et_pb_column][\/et_pb_row][\/et_pb_section][et_pb_section fb_built=\u00a0\u00bb1&Prime; _builder_version=\u00a0\u00bb3.12.2&Prime;][et_pb_row _builder_version=\u00a0\u00bb3.12.2&Prime;][et_pb_column type=\u00a0\u00bb4_4&Prime; _builder_version=\u00a0\u00bb3.12.2&Prime; parallax=\u00a0\u00bboff\u00a0\u00bb parallax_method=\u00a0\u00bbon\u00a0\u00bb][et_pb_text _builder_version=\u00a0\u00bb3.12.2&Prime;]<\/p>\n<h4>Voici quelques exemples de M\u00e9hari restaur\u00e9es chez nous, vous pouvez cliquer sur une image pour l&rsquo;agrandir et naviguer d&rsquo;une image \u00e0 l&rsquo;autre avec les fl\u00e8ches de votre clavier ou sur l&rsquo;\u00e9cran de votre smartphone\/tablette.<\/h4>\n<p>[\/et_pb_text][et_pb_gallery gallery_ids=\u00a0\u00bb320,319,318,317,316,314,315,313,308,309,310,311,296,312,306,307,305,304,303,302,301,300,299,298,297,291,290,287&Prime; posts_number=\u00a0\u00bb12&Prime; zoom_icon_color=\u00a0\u00bb#edf000&Prime; hover_overlay_color=\u00a0\u00bbrgba(12,113,195,0.3)\u00a0\u00bb hover_icon=\u00a0\u00bb%%43%%\u00a0\u00bb _builder_version=\u00a0\u00bb3.12.2&Prime; title_font=\u00a0\u00bb||||||||\u00a0\u00bb title_text_align=\u00a0\u00bbcenter\u00a0\u00bb caption_text_align=\u00a0\u00bbleft\u00a0\u00bb pagination_font=\u00a0\u00bb||||||||\u00a0\u00bb text_orientation=\u00a0\u00bbcenter\u00a0\u00bb]<\/p>\n<p>Voici quelques exemples de voitures restaur\u00e9es chez R\u00e9nov&rsquo;M\u00e9hari, vous pouvez cliquer sur les photos pour les agrandir.<\/p>\n<p>[\/et_pb_gallery][\/et_pb_column][\/et_pb_row][\/et_pb_section]<\/p>\n","protected":false},"excerpt":{"rendered":"<p>M\u00e9hari restaur\u00e9es Voici quelques exemples de M\u00e9hari restaur\u00e9es chez nous, vous pouvez cliquer sur une image pour l&rsquo;agrandir et naviguer d&rsquo;une image \u00e0 l&rsquo;autre avec les fl\u00e8ches de votre clavier ou sur l&rsquo;\u00e9cran de votre smartphone\/tablette.Voici quelques exemples de voitures restaur\u00e9es chez R\u00e9nov&rsquo;M\u00e9hari, vous pouvez cliquer sur les photos pour les agrandir.<\/p>\n","protected":false},"author":1,"featured_media":0,"parent":0,"menu_order":0,"comment_status":"closed","ping_status":"closed","template":"","meta":{"_et_pb_use_builder":"on","_et_pb_old_content":"","_et_gb_content_width":"","footnotes":""},"class_list":["post-130","page","type-page","status-publish","hentry"],"_links":{"self":[{"href":"http:\/\/renovmehari.com\/index.php?rest_route=\/wp\/v2\/pages\/130","targetHints":{"allow":["GET"]}}],"collection":[{"href":"http:\/\/renovmehari.com\/index.php?rest_route=\/wp\/v2\/pages"}],"about":[{"href":"http:\/\/renovmehari.com\/index.php?rest_route=\/wp\/v2\/types\/page"}],"author":[{"embeddable":true,"href":"http:\/\/renovmehari.com\/index.php?rest_route=\/wp\/v2\/users\/1"}],"replies":[{"embeddable":true,"href":"http:\/\/renovmehari.com\/index.php?rest_route=%2Fwp%2Fv2%2Fcomments&post=130"}],"version-history":[{"count":15,"href":"http:\/\/renovmehari.com\/index.php?rest_route=\/wp\/v2\/pages\/130\/revisions"}],"predecessor-version":[{"id":323,"href":"http:\/\/renovmehari.com\/index.php?rest_route=\/wp\/v2\/pages\/130\/revisions\/323"}],"wp:attachment":[{"href":"http:\/\/renovmehari.com\/index.php?rest_route=%2Fwp%2Fv2%2Fmedia&parent=130"}],"curies":[{"name":"wp","href":"https:\/\/api.w.org\/{rel}","templated":true}]}}